{"id":1149,"date":"2024-06-16T23:44:19","date_gmt":"2024-06-16T23:44:19","guid":{"rendered":"https:\/\/endedans.com\/?page_id=1149"},"modified":"2024-06-17T00:10:51","modified_gmt":"2024-06-17T00:10:51","slug":"la-carmen","status":"publish","type":"page","link":"https:\/\/endedans.com\/index.php\/performances\/la-carmen\/","title":{"rendered":"La Carmen"},"content":{"rendered":"\t\t<div data-elementor-type=\"wp-page\" data-elementor-id=\"1149\" class=\"elementor elementor-1149\">\n\t\t\t\t\t\t<section class=\"elementor-section elementor-top-section elementor-element elementor-element-527ad050 elementor-section-full_width elementor-section-content-middle elementor-section-height-default elementor-section-height-default\" data-id=\"527ad050\" data-element_type=\"section\" data-e-type=\"section\" data-settings=\"{&quot;background_background&quot;:&quot;classic&quot;}\">\n\t\t\t\t\t\t<div class=\"elementor-container elementor-column-gap-default\">\n\t\t\t\t\t<div class=\"elementor-column elementor-col-50 elementor-top-column elementor-element elementor-element-441b36de\" data-id=\"441b36de\" data-element_type=\"column\" data-e-type=\"column\">\n\t\t\t<div class=\"elementor-widget-wrap elementor-element-populated\">\n\t\t\t\t\t\t<div class=\"elementor-element elementor-element-5385bb9d elementor-widget elementor-widget-image\" data-id=\"5385bb9d\" data-element_type=\"widget\" data-e-type=\"widget\" data-widget_type=\"image.default\">\n\t\t\t\t<div class=\"elementor-widget-container\">\n\t\t\t\t\t\t\t\t\t\t\t\t\t\t\t\t<a href=\"https:\/\/endedans.com\/wp-content\/uploads\/2024\/06\/La-Carmen-2010_cover-scaled.jpeg\" data-elementor-open-lightbox=\"yes\" data-elementor-lightbox-title=\"La-Carmen-2010_cover\" data-e-action-hash=\"#elementor-action%3Aaction%3Dlightbox%26settings%3DeyJpZCI6MTE2NCwidXJsIjoiaHR0cHM6XC9cL2VuZGVkYW5zLmNvbVwvd3AtY29udGVudFwvdXBsb2Fkc1wvMjAyNFwvMDZcL0xhLUNhcm1lbi0yMDEwX2NvdmVyLXNjYWxlZC5qcGVnIn0%3D\">\n\t\t\t\t\t\t\t<img fetchpriority=\"high\" decoding=\"async\" width=\"1024\" height=\"650\" src=\"https:\/\/endedans.com\/wp-content\/uploads\/2024\/06\/La-Carmen-2010_cover-1024x650.jpeg\" class=\"attachment-large size-large wp-image-1164\" alt=\"\" srcset=\"https:\/\/endedans.com\/wp-content\/uploads\/2024\/06\/La-Carmen-2010_cover-1024x650.jpeg 1024w, https:\/\/endedans.com\/wp-content\/uploads\/2024\/06\/La-Carmen-2010_cover-300x190.jpeg 300w, https:\/\/endedans.com\/wp-content\/uploads\/2024\/06\/La-Carmen-2010_cover-768x487.jpeg 768w, https:\/\/endedans.com\/wp-content\/uploads\/2024\/06\/La-Carmen-2010_cover-1536x975.jpeg 1536w, https:\/\/endedans.com\/wp-content\/uploads\/2024\/06\/La-Carmen-2010_cover-2048x1300.jpeg 2048w\" sizes=\"(max-width: 1024px) 100vw, 1024px\" \/>\t\t\t\t\t\t\t\t<\/a>\n\t\t\t\t\t\t\t\t\t\t\t\t\t\t\t<\/div>\n\t\t\t\t<\/div>\n\t\t\t\t<div class=\"elementor-element elementor-element-7089a4 elementor-arrows-position-inside elementor-widget elementor-widget-image-carousel\" data-id=\"7089a4\" data-element_type=\"widget\" data-e-type=\"widget\" data-settings=\"{&quot;slides_to_show&quot;:&quot;3&quot;,&quot;slides_to_show_tablet&quot;:&quot;2&quot;,&quot;slides_to_show_mobile&quot;:&quot;1&quot;,&quot;navigation&quot;:&quot;arrows&quot;,&quot;autoplay&quot;:&quot;yes&quot;,&quot;pause_on_hover&quot;:&quot;yes&quot;,&quot;pause_on_interaction&quot;:&quot;yes&quot;,&quot;autoplay_speed&quot;:5000,&quot;infinite&quot;:&quot;yes&quot;,&quot;speed&quot;:500}\" data-widget_type=\"image-carousel.default\">\n\t\t\t\t<div class=\"elementor-widget-container\">\n\t\t\t\t\t\t\t<div class=\"elementor-image-carousel-wrapper swiper\" role=\"region\" aria-roledescription=\"carousel\" aria-label=\"Image Carousel\" dir=\"ltr\">\n\t\t\t<div class=\"elementor-image-carousel swiper-wrapper\" aria-live=\"off\">\n\t\t\t\t\t\t\t\t<div class=\"swiper-slide\" role=\"group\" aria-roledescription=\"slide\" aria-label=\"1 of 14\"><a data-elementor-open-lightbox=\"yes\" data-elementor-lightbox-slideshow=\"7089a4\" data-elementor-lightbox-title=\"La-Carmen-2010_cover\" data-e-action-hash=\"#elementor-action%3Aaction%3Dlightbox%26settings%3DeyJpZCI6MTE2NCwidXJsIjoiaHR0cHM6XC9cL2VuZGVkYW5zLmNvbVwvd3AtY29udGVudFwvdXBsb2Fkc1wvMjAyNFwvMDZcL0xhLUNhcm1lbi0yMDEwX2NvdmVyLXNjYWxlZC5qcGVnIiwic2xpZGVzaG93IjoiNzA4OWE0In0%3D\" href=\"https:\/\/endedans.com\/wp-content\/uploads\/2024\/06\/La-Carmen-2010_cover-scaled.jpeg\"><figure class=\"swiper-slide-inner\"><img decoding=\"async\" class=\"swiper-slide-image\" src=\"https:\/\/endedans.com\/wp-content\/uploads\/2024\/06\/La-Carmen-2010_cover-150x150.jpeg\" alt=\"La-Carmen-2010_cover\" \/><\/figure><\/a><\/div><div class=\"swiper-slide\" role=\"group\" aria-roledescription=\"slide\" aria-label=\"2 of 14\"><a data-elementor-open-lightbox=\"yes\" data-elementor-lightbox-slideshow=\"7089a4\" data-elementor-lightbox-title=\"La-Carmen-2010_12\" data-e-action-hash=\"#elementor-action%3Aaction%3Dlightbox%26settings%3DeyJpZCI6MTE2MywidXJsIjoiaHR0cHM6XC9cL2VuZGVkYW5zLmNvbVwvd3AtY29udGVudFwvdXBsb2Fkc1wvMjAyNFwvMDZcL0xhLUNhcm1lbi0yMDEwXzEyLXNjYWxlZC5qcGVnIiwic2xpZGVzaG93IjoiNzA4OWE0In0%3D\" href=\"https:\/\/endedans.com\/wp-content\/uploads\/2024\/06\/La-Carmen-2010_12-scaled.jpeg\"><figure class=\"swiper-slide-inner\"><img decoding=\"async\" class=\"swiper-slide-image\" src=\"https:\/\/endedans.com\/wp-content\/uploads\/2024\/06\/La-Carmen-2010_12-150x150.jpeg\" alt=\"La-Carmen-2010_12\" \/><\/figure><\/a><\/div><div class=\"swiper-slide\" role=\"group\" aria-roledescription=\"slide\" aria-label=\"3 of 14\"><a data-elementor-open-lightbox=\"yes\" data-elementor-lightbox-slideshow=\"7089a4\" data-elementor-lightbox-title=\"La-Carmen-2010_11\" data-e-action-hash=\"#elementor-action%3Aaction%3Dlightbox%26settings%3DeyJpZCI6MTE2MiwidXJsIjoiaHR0cHM6XC9cL2VuZGVkYW5zLmNvbVwvd3AtY29udGVudFwvdXBsb2Fkc1wvMjAyNFwvMDZcL0xhLUNhcm1lbi0yMDEwXzExLXNjYWxlZC5qcGVnIiwic2xpZGVzaG93IjoiNzA4OWE0In0%3D\" href=\"https:\/\/endedans.com\/wp-content\/uploads\/2024\/06\/La-Carmen-2010_11-scaled.jpeg\"><figure class=\"swiper-slide-inner\"><img decoding=\"async\" class=\"swiper-slide-image\" src=\"https:\/\/endedans.com\/wp-content\/uploads\/2024\/06\/La-Carmen-2010_11-150x150.jpeg\" alt=\"La-Carmen-2010_11\" \/><\/figure><\/a><\/div><div class=\"swiper-slide\" role=\"group\" aria-roledescription=\"slide\" aria-label=\"4 of 14\"><a data-elementor-open-lightbox=\"yes\" data-elementor-lightbox-slideshow=\"7089a4\" data-elementor-lightbox-title=\"La-Carmen-2010_10\" data-e-action-hash=\"#elementor-action%3Aaction%3Dlightbox%26settings%3DeyJpZCI6MTE2MSwidXJsIjoiaHR0cHM6XC9cL2VuZGVkYW5zLmNvbVwvd3AtY29udGVudFwvdXBsb2Fkc1wvMjAyNFwvMDZcL0xhLUNhcm1lbi0yMDEwXzEwLXNjYWxlZC5qcGVnIiwic2xpZGVzaG93IjoiNzA4OWE0In0%3D\" href=\"https:\/\/endedans.com\/wp-content\/uploads\/2024\/06\/La-Carmen-2010_10-scaled.jpeg\"><figure class=\"swiper-slide-inner\"><img decoding=\"async\" class=\"swiper-slide-image\" src=\"https:\/\/endedans.com\/wp-content\/uploads\/2024\/06\/La-Carmen-2010_10-150x150.jpeg\" alt=\"La-Carmen-2010_10\" \/><\/figure><\/a><\/div><div class=\"swiper-slide\" role=\"group\" aria-roledescription=\"slide\" aria-label=\"5 of 14\"><a data-elementor-open-lightbox=\"yes\" data-elementor-lightbox-slideshow=\"7089a4\" data-elementor-lightbox-title=\"La-Carmen-2010_9\" data-e-action-hash=\"#elementor-action%3Aaction%3Dlightbox%26settings%3DeyJpZCI6MTE2MCwidXJsIjoiaHR0cHM6XC9cL2VuZGVkYW5zLmNvbVwvd3AtY29udGVudFwvdXBsb2Fkc1wvMjAyNFwvMDZcL0xhLUNhcm1lbi0yMDEwXzktc2NhbGVkLmpwZWciLCJzbGlkZXNob3ciOiI3MDg5YTQifQ%3D%3D\" href=\"https:\/\/endedans.com\/wp-content\/uploads\/2024\/06\/La-Carmen-2010_9-scaled.jpeg\"><figure class=\"swiper-slide-inner\"><img decoding=\"async\" class=\"swiper-slide-image\" src=\"https:\/\/endedans.com\/wp-content\/uploads\/2024\/06\/La-Carmen-2010_9-150x150.jpeg\" alt=\"La-Carmen-2010_9\" \/><\/figure><\/a><\/div><div class=\"swiper-slide\" role=\"group\" aria-roledescription=\"slide\" aria-label=\"6 of 14\"><a data-elementor-open-lightbox=\"yes\" data-elementor-lightbox-slideshow=\"7089a4\" data-elementor-lightbox-title=\"La-Carmen-2010_8\" data-e-action-hash=\"#elementor-action%3Aaction%3Dlightbox%26settings%3DeyJpZCI6MTE1OSwidXJsIjoiaHR0cHM6XC9cL2VuZGVkYW5zLmNvbVwvd3AtY29udGVudFwvdXBsb2Fkc1wvMjAyNFwvMDZcL0xhLUNhcm1lbi0yMDEwXzgtc2NhbGVkLmpwZWciLCJzbGlkZXNob3ciOiI3MDg5YTQifQ%3D%3D\" href=\"https:\/\/endedans.com\/wp-content\/uploads\/2024\/06\/La-Carmen-2010_8-scaled.jpeg\"><figure class=\"swiper-slide-inner\"><img decoding=\"async\" class=\"swiper-slide-image\" src=\"https:\/\/endedans.com\/wp-content\/uploads\/2024\/06\/La-Carmen-2010_8-150x150.jpeg\" alt=\"La-Carmen-2010_8\" \/><\/figure><\/a><\/div><div class=\"swiper-slide\" role=\"group\" aria-roledescription=\"slide\" aria-label=\"7 of 14\"><a data-elementor-open-lightbox=\"yes\" data-elementor-lightbox-slideshow=\"7089a4\" data-elementor-lightbox-title=\"La-Carmen-2010_7\" data-e-action-hash=\"#elementor-action%3Aaction%3Dlightbox%26settings%3DeyJpZCI6MTE1OCwidXJsIjoiaHR0cHM6XC9cL2VuZGVkYW5zLmNvbVwvd3AtY29udGVudFwvdXBsb2Fkc1wvMjAyNFwvMDZcL0xhLUNhcm1lbi0yMDEwXzctc2NhbGVkLmpwZWciLCJzbGlkZXNob3ciOiI3MDg5YTQifQ%3D%3D\" href=\"https:\/\/endedans.com\/wp-content\/uploads\/2024\/06\/La-Carmen-2010_7-scaled.jpeg\"><figure class=\"swiper-slide-inner\"><img decoding=\"async\" class=\"swiper-slide-image\" src=\"https:\/\/endedans.com\/wp-content\/uploads\/2024\/06\/La-Carmen-2010_7-150x150.jpeg\" alt=\"La-Carmen-2010_7\" \/><\/figure><\/a><\/div><div class=\"swiper-slide\" role=\"group\" aria-roledescription=\"slide\" aria-label=\"8 of 14\"><a data-elementor-open-lightbox=\"yes\" data-elementor-lightbox-slideshow=\"7089a4\" data-elementor-lightbox-title=\"La-Carmen-2010_6\" data-e-action-hash=\"#elementor-action%3Aaction%3Dlightbox%26settings%3DeyJpZCI6MTE1NywidXJsIjoiaHR0cHM6XC9cL2VuZGVkYW5zLmNvbVwvd3AtY29udGVudFwvdXBsb2Fkc1wvMjAyNFwvMDZcL0xhLUNhcm1lbi0yMDEwXzYtc2NhbGVkLmpwZWciLCJzbGlkZXNob3ciOiI3MDg5YTQifQ%3D%3D\" href=\"https:\/\/endedans.com\/wp-content\/uploads\/2024\/06\/La-Carmen-2010_6-scaled.jpeg\"><figure class=\"swiper-slide-inner\"><img decoding=\"async\" class=\"swiper-slide-image\" src=\"https:\/\/endedans.com\/wp-content\/uploads\/2024\/06\/La-Carmen-2010_6-150x150.jpeg\" alt=\"La-Carmen-2010_6\" \/><\/figure><\/a><\/div><div class=\"swiper-slide\" role=\"group\" aria-roledescription=\"slide\" aria-label=\"9 of 14\"><a data-elementor-open-lightbox=\"yes\" data-elementor-lightbox-slideshow=\"7089a4\" data-elementor-lightbox-title=\"La-Carmen-2010_5\" data-e-action-hash=\"#elementor-action%3Aaction%3Dlightbox%26settings%3DeyJpZCI6MTE1NiwidXJsIjoiaHR0cHM6XC9cL2VuZGVkYW5zLmNvbVwvd3AtY29udGVudFwvdXBsb2Fkc1wvMjAyNFwvMDZcL0xhLUNhcm1lbi0yMDEwXzUtc2NhbGVkLmpwZWciLCJzbGlkZXNob3ciOiI3MDg5YTQifQ%3D%3D\" href=\"https:\/\/endedans.com\/wp-content\/uploads\/2024\/06\/La-Carmen-2010_5-scaled.jpeg\"><figure class=\"swiper-slide-inner\"><img decoding=\"async\" class=\"swiper-slide-image\" src=\"https:\/\/endedans.com\/wp-content\/uploads\/2024\/06\/La-Carmen-2010_5-150x150.jpeg\" alt=\"La-Carmen-2010_5\" \/><\/figure><\/a><\/div><div class=\"swiper-slide\" role=\"group\" aria-roledescription=\"slide\" aria-label=\"10 of 14\"><a data-elementor-open-lightbox=\"yes\" data-elementor-lightbox-slideshow=\"7089a4\" data-elementor-lightbox-title=\"La-Carmen-2010_4\" data-e-action-hash=\"#elementor-action%3Aaction%3Dlightbox%26settings%3DeyJpZCI6MTE1NSwidXJsIjoiaHR0cHM6XC9cL2VuZGVkYW5zLmNvbVwvd3AtY29udGVudFwvdXBsb2Fkc1wvMjAyNFwvMDZcL0xhLUNhcm1lbi0yMDEwXzQtc2NhbGVkLmpwZWciLCJzbGlkZXNob3ciOiI3MDg5YTQifQ%3D%3D\" href=\"https:\/\/endedans.com\/wp-content\/uploads\/2024\/06\/La-Carmen-2010_4-scaled.jpeg\"><figure class=\"swiper-slide-inner\"><img decoding=\"async\" class=\"swiper-slide-image\" src=\"https:\/\/endedans.com\/wp-content\/uploads\/2024\/06\/La-Carmen-2010_4-150x150.jpeg\" alt=\"La-Carmen-2010_4\" \/><\/figure><\/a><\/div><div class=\"swiper-slide\" role=\"group\" aria-roledescription=\"slide\" aria-label=\"11 of 14\"><a data-elementor-open-lightbox=\"yes\" data-elementor-lightbox-slideshow=\"7089a4\" data-elementor-lightbox-title=\"La-Carmen-2010_3\" data-e-action-hash=\"#elementor-action%3Aaction%3Dlightbox%26settings%3DeyJpZCI6MTE1NCwidXJsIjoiaHR0cHM6XC9cL2VuZGVkYW5zLmNvbVwvd3AtY29udGVudFwvdXBsb2Fkc1wvMjAyNFwvMDZcL0xhLUNhcm1lbi0yMDEwXzMtc2NhbGVkLmpwZWciLCJzbGlkZXNob3ciOiI3MDg5YTQifQ%3D%3D\" href=\"https:\/\/endedans.com\/wp-content\/uploads\/2024\/06\/La-Carmen-2010_3-scaled.jpeg\"><figure class=\"swiper-slide-inner\"><img decoding=\"async\" class=\"swiper-slide-image\" src=\"https:\/\/endedans.com\/wp-content\/uploads\/2024\/06\/La-Carmen-2010_3-150x150.jpeg\" alt=\"La-Carmen-2010_3\" \/><\/figure><\/a><\/div><div class=\"swiper-slide\" role=\"group\" aria-roledescription=\"slide\" aria-label=\"12 of 14\"><a data-elementor-open-lightbox=\"yes\" data-elementor-lightbox-slideshow=\"7089a4\" data-elementor-lightbox-title=\"La-Carmen-2010_2\" data-e-action-hash=\"#elementor-action%3Aaction%3Dlightbox%26settings%3DeyJpZCI6MTE1MywidXJsIjoiaHR0cHM6XC9cL2VuZGVkYW5zLmNvbVwvd3AtY29udGVudFwvdXBsb2Fkc1wvMjAyNFwvMDZcL0xhLUNhcm1lbi0yMDEwXzItc2NhbGVkLmpwZWciLCJzbGlkZXNob3ciOiI3MDg5YTQifQ%3D%3D\" href=\"https:\/\/endedans.com\/wp-content\/uploads\/2024\/06\/La-Carmen-2010_2-scaled.jpeg\"><figure class=\"swiper-slide-inner\"><img decoding=\"async\" class=\"swiper-slide-image\" src=\"https:\/\/endedans.com\/wp-content\/uploads\/2024\/06\/La-Carmen-2010_2-150x150.jpeg\" alt=\"La-Carmen-2010_2\" \/><\/figure><\/a><\/div><div class=\"swiper-slide\" role=\"group\" aria-roledescription=\"slide\" aria-label=\"13 of 14\"><a data-elementor-open-lightbox=\"yes\" data-elementor-lightbox-slideshow=\"7089a4\" data-elementor-lightbox-title=\"La-Carmen-2010_1\" data-e-action-hash=\"#elementor-action%3Aaction%3Dlightbox%26settings%3DeyJpZCI6MTE1MiwidXJsIjoiaHR0cHM6XC9cL2VuZGVkYW5zLmNvbVwvd3AtY29udGVudFwvdXBsb2Fkc1wvMjAyNFwvMDZcL0xhLUNhcm1lbi0yMDEwXzEtc2NhbGVkLmpwZWciLCJzbGlkZXNob3ciOiI3MDg5YTQifQ%3D%3D\" href=\"https:\/\/endedans.com\/wp-content\/uploads\/2024\/06\/La-Carmen-2010_1-scaled.jpeg\"><figure class=\"swiper-slide-inner\"><img decoding=\"async\" class=\"swiper-slide-image\" src=\"https:\/\/endedans.com\/wp-content\/uploads\/2024\/06\/La-Carmen-2010_1-150x150.jpeg\" alt=\"La-Carmen-2010_1\" \/><\/figure><\/a><\/div><div class=\"swiper-slide\" role=\"group\" aria-roledescription=\"slide\" aria-label=\"14 of 14\"><a data-elementor-open-lightbox=\"yes\" data-elementor-lightbox-slideshow=\"7089a4\" data-elementor-lightbox-title=\"La-Carmen-2010_0\" data-e-action-hash=\"#elementor-action%3Aaction%3Dlightbox%26settings%3DeyJpZCI6MTE1MSwidXJsIjoiaHR0cHM6XC9cL2VuZGVkYW5zLmNvbVwvd3AtY29udGVudFwvdXBsb2Fkc1wvMjAyNFwvMDZcL0xhLUNhcm1lbi0yMDEwXzAtc2NhbGVkLmpwZWciLCJzbGlkZXNob3ciOiI3MDg5YTQifQ%3D%3D\" href=\"https:\/\/endedans.com\/wp-content\/uploads\/2024\/06\/La-Carmen-2010_0-scaled.jpeg\"><figure class=\"swiper-slide-inner\"><img decoding=\"async\" class=\"swiper-slide-image\" src=\"https:\/\/endedans.com\/wp-content\/uploads\/2024\/06\/La-Carmen-2010_0-150x150.jpeg\" alt=\"La-Carmen-2010_0\" \/><\/figure><\/a><\/div>\t\t\t<\/div>\n\t\t\t\t\t\t\t\t\t\t\t\t<div class=\"elementor-swiper-button elementor-swiper-button-prev\" role=\"button\" tabindex=\"0\">\n\t\t\t\t\t\t<i aria-hidden=\"true\" class=\"eicon-chevron-left\"><\/i>\t\t\t\t\t<\/div>\n\t\t\t\t\t<div class=\"elementor-swiper-button elementor-swiper-button-next\" role=\"button\" tabindex=\"0\">\n\t\t\t\t\t\t<i aria-hidden=\"true\" class=\"eicon-chevron-right\"><\/i>\t\t\t\t\t<\/div>\n\t\t\t\t\n\t\t\t\t\t\t\t\t\t<\/div>\n\t\t\t\t\t\t<\/div>\n\t\t\t\t<\/div>\n\t\t\t\t\t<\/div>\n\t\t<\/div>\n\t\t\t\t<div class=\"elementor-column elementor-col-50 elementor-top-column elementor-element elementor-element-6466e35b\" data-id=\"6466e35b\" data-element_type=\"column\" data-e-type=\"column\">\n\t\t\t<div class=\"elementor-widget-wrap elementor-element-populated\">\n\t\t\t\t\t\t<div class=\"elementor-element elementor-element-7f24828e elementor-widget elementor-widget-heading\" data-id=\"7f24828e\" data-element_type=\"widget\" data-e-type=\"widget\" data-widget_type=\"heading.default\">\n\t\t\t\t<div class=\"elementor-widget-container\">\n\t\t\t\t\t<h2 class=\"elementor-heading-title elementor-size-default\">La Carmen<\/h2>\t\t\t\t<\/div>\n\t\t\t\t<\/div>\n\t\t\t\t<div class=\"elementor-element elementor-element-1e5dd6ed elementor-widget elementor-widget-heading\" data-id=\"1e5dd6ed\" data-element_type=\"widget\" data-e-type=\"widget\" data-widget_type=\"heading.default\">\n\t\t\t\t<div class=\"elementor-widget-container\">\n\t\t\t\t\t<h5 class=\"elementor-heading-title elementor-size-default\"><b>Music<\/b>: George Bizet, arranged by Rodion Shchedrin<\/h5>\t\t\t\t<\/div>\n\t\t\t\t<\/div>\n\t\t\t\t<div class=\"elementor-element elementor-element-1f30a352 elementor-widget elementor-widget-heading\" data-id=\"1f30a352\" data-element_type=\"widget\" data-e-type=\"widget\" data-widget_type=\"heading.default\">\n\t\t\t\t<div class=\"elementor-widget-container\">\n\t\t\t\t\t<h5 class=\"elementor-heading-title elementor-size-default\"><b>Costumes<\/b>: Eduardo Arrocha<\/h5>\t\t\t\t<\/div>\n\t\t\t\t<\/div>\n\t\t\t\t<div class=\"elementor-element elementor-element-246a2c1 elementor-widget elementor-widget-heading\" data-id=\"246a2c1\" data-element_type=\"widget\" data-e-type=\"widget\" data-widget_type=\"heading.default\">\n\t\t\t\t<div class=\"elementor-widget-container\">\n\t\t\t\t\t<h5 class=\"elementor-heading-title elementor-size-default\"><b>Lighting design<\/b>: Dadier Cabrera<\/h5>\t\t\t\t<\/div>\n\t\t\t\t<\/div>\n\t\t\t\t<div class=\"elementor-element elementor-element-3540b2e elementor-widget elementor-widget-heading\" data-id=\"3540b2e\" data-element_type=\"widget\" data-e-type=\"widget\" data-widget_type=\"heading.default\">\n\t\t\t\t<div class=\"elementor-widget-container\">\n\t\t\t\t\t<h5 class=\"elementor-heading-title elementor-size-default\"><b>Premier interpreters<\/b>: Yanexi Mendoza, Maria Lucia Perez, Maisnely Lav\u00edn, Gretel Garcia, Lisandra Gomez, Osmary Ospina, Ana Gloria Sanchez, Lisbeth Gonzalez, Randol D\u00edaz, Marcos Rodriguez, Keitter Sardi\u00f1as, Jesus Arias, Pavel Rodriguez, Zamyl Napoles, Rene Jorge, Eliosmayquer Orozco<\/h5>\t\t\t\t<\/div>\n\t\t\t\t<\/div>\n\t\t\t\t<div class=\"elementor-element elementor-element-24d0e74 elementor-widget elementor-widget-heading\" data-id=\"24d0e74\" data-element_type=\"widget\" data-e-type=\"widget\" data-widget_type=\"heading.default\">\n\t\t\t\t<div class=\"elementor-widget-container\">\n\t\t\t\t\t<h5 class=\"elementor-heading-title elementor-size-default\">Theater of Camaguey, Cuba, 2010<\/h5>\t\t\t\t<\/div>\n\t\t\t\t<\/div>\n\t\t\t\t\t<\/div>\n\t\t<\/div>\n\t\t\t\t\t<\/div>\n\t\t<\/section>\n\t\t\t\t<\/div>\n\t\t","protected":false},"excerpt":{"rendered":"<p>La Carmen Music: George Bizet, arranged by Rodion Shchedrin Costumes: Eduardo Arrocha Lighting design: Dadier Cabrera Premier interpreters: Yanexi Mendoza, Maria Lucia Perez, Maisnely Lav\u00edn, Gretel Garcia, Lisandra Gomez, Osmary Ospina, Ana Gloria Sanchez, Lisbeth Gonzalez, Randol D\u00edaz, Marcos Rodriguez, Keitter Sardi\u00f1as, Jesus Arias, Pavel Rodriguez, Zamyl Napoles, Rene Jorge, Eliosmayquer Orozco Theater of Camaguey, [&hellip;]<\/p>\n","protected":false},"author":1,"featured_media":0,"parent":472,"menu_order":0,"comment_status":"closed","ping_status":"closed","template":"","meta":{"site-sidebar-layout":"no-sidebar","site-content-layout":"page-builder","ast-site-content-layout":"full-width-container","site-content-style":"default","site-sidebar-style":"default","ast-global-header-display":"","ast-banner-title-visibility":"","ast-main-header-display":"","ast-hfb-above-header-display":"","ast-hfb-below-header-display":"","ast-hfb-mobile-header-display":"","site-post-title":"disabled","ast-breadcrumbs-content":"","ast-featured-img":"disabled","footer-sml-layout":"","ast-disable-related-posts":"","theme-transparent-header-meta":"","adv-header-id-meta":"","stick-header-meta":"","header-above-stick-meta":"","header-main-stick-meta":"","header-below-stick-meta":"","astra-migrate-meta-layouts":"set","ast-page-background-enabled":"default","ast-page-background-meta":{"desktop":{"background-color":"","background-image":"","background-repeat":"repeat","background-position":"center center","background-size":"auto","background-attachment":"scroll","background-type":"","background-media":"","overlay-type":"","overlay-color":"","overlay-opacity":"","overlay-gradient":""},"tablet":{"background-color":"","background-image":"","background-repeat":"repeat","background-position":"center center","background-size":"auto","background-attachment":"scroll","background-type":"","background-media":"","overlay-type":"","overlay-color":"","overlay-opacity":"","overlay-gradient":""},"mobile":{"background-color":"","background-image":"","background-repeat":"repeat","background-position":"center center","background-size":"auto","background-attachment":"scroll","background-type":"","background-media":"","overlay-type":"","overlay-color":"","overlay-opacity":"","overlay-gradient":""}},"ast-content-background-meta":{"desktop":{"background-color":"var(--ast-global-color-5)","background-image":"","background-repeat":"repeat","background-position":"center center","background-size":"auto","background-attachment":"scroll","background-type":"","background-media":"","overlay-type":"","overlay-color":"","overlay-opacity":"","overlay-gradient":""},"tablet":{"background-color":"var(--ast-global-color-5)","background-image":"","background-repeat":"repeat","background-position":"center center","background-size":"auto","background-attachment":"scroll","background-type":"","background-media":"","overlay-type":"","overlay-color":"","overlay-opacity":"","overlay-gradient":""},"mobile":{"background-color":"var(--ast-global-color-5)","background-image":"","background-repeat":"repeat","background-position":"center center","background-size":"auto","background-attachment":"scroll","background-type":"","background-media":"","overlay-type":"","overlay-color":"","overlay-opacity":"","overlay-gradient":""}},"footnotes":""},"class_list":["post-1149","page","type-page","status-publish","hentry"],"_links":{"self":[{"href":"https:\/\/endedans.com\/index.php\/wp-json\/wp\/v2\/pages\/1149","targetHints":{"allow":["GET"]}}],"collection":[{"href":"https:\/\/endedans.com\/index.php\/wp-json\/wp\/v2\/pages"}],"about":[{"href":"https:\/\/endedans.com\/index.php\/wp-json\/wp\/v2\/types\/page"}],"author":[{"embeddable":true,"href":"https:\/\/endedans.com\/index.php\/wp-json\/wp\/v2\/users\/1"}],"replies":[{"embeddable":true,"href":"https:\/\/endedans.com\/index.php\/wp-json\/wp\/v2\/comments?post=1149"}],"version-history":[{"count":8,"href":"https:\/\/endedans.com\/index.php\/wp-json\/wp\/v2\/pages\/1149\/revisions"}],"predecessor-version":[{"id":1186,"href":"https:\/\/endedans.com\/index.php\/wp-json\/wp\/v2\/pages\/1149\/revisions\/1186"}],"up":[{"embeddable":true,"href":"https:\/\/endedans.com\/index.php\/wp-json\/wp\/v2\/pages\/472"}],"wp:attachment":[{"href":"https:\/\/endedans.com\/index.php\/wp-json\/wp\/v2\/media?parent=1149"}],"curies":[{"name":"wp","href":"https:\/\/api.w.org\/{rel}","templated":true}]}}